{"id":215,"date":"2023-01-20T19:27:12","date_gmt":"2023-01-20T19:27:12","guid":{"rendered":"https:\/\/assembleianet.com.br\/gf\/?page_id=215"},"modified":"2025-02-19T21:16:53","modified_gmt":"2025-02-19T21:16:53","slug":"contatos","status":"publish","type":"page","link":"https:\/\/assembleianet.com.br\/gf\/contatos\/","title":{"rendered":"Contatos"},"content":{"rendered":"\t\t<div data-elementor-type=\"wp-page\" data-elementor-id=\"215\" class=\"elementor elementor-215\" data-elementor-post-type=\"page\">\n\t\t\t\t\t\t<section class=\"elementor-section elementor-top-section elementor-element elementor-element-8decf74 elementor-section-full_width elementor-section-height-default elementor-section-height-default\" data-id=\"8decf74\" data-element_type=\"section\" data-e-type=\"section\">\n\t\t\t\t\t\t<div class=\"elementor-container elementor-column-gap-no\">\n\t\t\t\t\t<div class=\"elementor-column elementor-col-100 elementor-top-column elementor-element elementor-element-ee3bb9f\" data-id=\"ee3bb9f\" data-element_type=\"column\" data-e-type=\"column\">\n\t\t\t<div class=\"elementor-widget-wrap elementor-element-populated\">\n\t\t\t\t\t\t<div class=\"elementor-element elementor-element-caffb62 elementor-widget elementor-widget-image\" data-id=\"caffb62\" data-element_type=\"widget\" data-e-type=\"widget\" data-widget_type=\"image.default\">\n\t\t\t\t<div class=\"elementor-widget-container\">\n\t\t\t\t\t\t\t\t\t\t\t\t\t\t\t\t<a href=\"https:\/\/assembleianet.com.br\/gf\/home\/\">\n\t\t\t\t\t\t\t<img fetchpriority=\"high\" decoding=\"async\" width=\"1701\" height=\"170\" src=\"https:\/\/assembleianet.com.br\/gf\/wp-content\/uploads\/2023\/01\/TOPO-SITE-2.jpg\" class=\"attachment-2048x2048 size-2048x2048 wp-image-54\" alt=\"\" srcset=\"https:\/\/assembleianet.com.br\/gf\/wp-content\/uploads\/2023\/01\/TOPO-SITE-2.jpg 1701w, https:\/\/assembleianet.com.br\/gf\/wp-content\/uploads\/2023\/01\/TOPO-SITE-2-300x30.jpg 300w, https:\/\/assembleianet.com.br\/gf\/wp-content\/uploads\/2023\/01\/TOPO-SITE-2-1024x102.jpg 1024w, https:\/\/assembleianet.com.br\/gf\/wp-content\/uploads\/2023\/01\/TOPO-SITE-2-768x77.jpg 768w, https:\/\/assembleianet.com.br\/gf\/wp-content\/uploads\/2023\/01\/TOPO-SITE-2-1536x154.jpg 1536w\" sizes=\"(max-width: 1701px) 100vw, 1701px\" \/>\t\t\t\t\t\t\t\t<\/a>\n\t\t\t\t\t\t\t\t\t\t\t\t\t\t\t<\/div>\n\t\t\t\t<\/div>\n\t\t\t\t\t<\/div>\n\t\t<\/div>\n\t\t\t\t\t<\/div>\n\t\t<\/section>\n\t\t\t\t<section class=\"elementor-section elementor-top-section elementor-element elementor-element-9c7770d elementor-section-boxed elementor-section-height-default elementor-section-height-default\" data-id=\"9c7770d\" data-element_type=\"section\" data-e-type=\"section\">\n\t\t\t\t\t\t<div class=\"elementor-container elementor-column-gap-default\">\n\t\t\t\t\t<div class=\"elementor-column elementor-col-100 elementor-top-column elementor-element elementor-element-2eae909\" data-id=\"2eae909\" data-element_type=\"column\" data-e-type=\"column\">\n\t\t\t<div class=\"elementor-widget-wrap elementor-element-populated\">\n\t\t\t\t\t\t<div class=\"elementor-element elementor-element-4c367f9 elementor-nav-menu--dropdown-tablet elementor-nav-menu__text-align-aside elementor-nav-menu--toggle elementor-nav-menu--burger elementor-widget elementor-widget-nav-menu\" data-id=\"4c367f9\" data-element_type=\"widget\" data-e-type=\"widget\" data-settings=\"{&quot;layout&quot;:&quot;horizontal&quot;,&quot;submenu_icon&quot;:{&quot;value&quot;:&quot;&lt;i class=\\&quot;fas fa-caret-down\\&quot;&gt;&lt;\\\/i&gt;&quot;,&quot;library&quot;:&quot;fa-solid&quot;},&quot;toggle&quot;:&quot;burger&quot;}\" data-widget_type=\"nav-menu.default\">\n\t\t\t\t<div class=\"elementor-widget-container\">\n\t\t\t\t\t\t\t\t<nav aria-label=\"Menu\" class=\"elementor-nav-menu--main elementor-nav-menu__container elementor-nav-menu--layout-horizontal e--pointer-underline e--animation-fade\">\r\n\t\t\t\t<ul id=\"menu-1-4c367f9\" class=\"elementor-nav-menu\"><li class=\"menu-item menu-item-type-post_type menu-item-object-page menu-item-home menu-item-242\"><a href=\"https:\/\/assembleianet.com.br\/gf\/\" class=\"elementor-item\">Home<\/a><\/li>\n<li class=\"menu-item menu-item-type-custom menu-item-object-custom menu-item-has-children menu-item-387\"><a href=\"#\" class=\"elementor-item elementor-item-anchor\">Ministra\u00e7\u00f5es<\/a>\n<ul class=\"sub-menu elementor-nav-menu--dropdown\">\n\t<li class=\"menu-item menu-item-type-post_type menu-item-object-page menu-item-174\"><a href=\"https:\/\/assembleianet.com.br\/gf\/treinamento\/\" class=\"elementor-sub-item\">Ministra\u00e7\u00f5es sobre GF<\/a><\/li>\n\t<li class=\"menu-item menu-item-type-post_type menu-item-object-page menu-item-345\"><a href=\"https:\/\/assembleianet.com.br\/gf\/festa-da-multiplicacao\/\" class=\"elementor-sub-item\">Festa da Multiplica\u00e7\u00e3o<\/a><\/li>\n\t<li class=\"menu-item menu-item-type-post_type menu-item-object-page menu-item-175\"><a href=\"https:\/\/assembleianet.com.br\/gf\/depoimentos\/\" class=\"elementor-sub-item\">Testemunhos<\/a><\/li>\n\t<li class=\"menu-item menu-item-type-post_type menu-item-object-page menu-item-178\"><a href=\"https:\/\/assembleianet.com.br\/gf\/missao-e-visao\/\" class=\"elementor-sub-item\">Hist\u00f3ria de um L\u00edder<\/a><\/li>\n<\/ul>\n<\/li>\n<li class=\"menu-item menu-item-type-post_type menu-item-object-page menu-item-647\"><a href=\"https:\/\/assembleianet.com.br\/gf\/palavras-do-gf\/\" class=\"elementor-item\">Palavras do GF<\/a><\/li>\n<li class=\"menu-item menu-item-type-post_type menu-item-object-page menu-item-176\"><a href=\"https:\/\/assembleianet.com.br\/gf\/dinamicas-de-gf\/\" class=\"elementor-item\">Din\u00e2micas de GF<\/a><\/li>\n<li class=\"menu-item menu-item-type-custom menu-item-object-custom menu-item-has-children menu-item-206\"><a href=\"#\" class=\"elementor-item elementor-item-anchor\">Treinamento<\/a>\n<ul class=\"sub-menu elementor-nav-menu--dropdown\">\n\t<li class=\"menu-item menu-item-type-post_type menu-item-object-page menu-item-172\"><a href=\"https:\/\/assembleianet.com.br\/gf\/ctl\/\" class=\"elementor-sub-item\">CTL<\/a><\/li>\n\t<li class=\"menu-item menu-item-type-post_type menu-item-object-page menu-item-554\"><a href=\"https:\/\/assembleianet.com.br\/gf\/extras-ctl\/\" class=\"elementor-sub-item\">Extras \u2013 CTL<\/a><\/li>\n\t<li class=\"menu-item menu-item-type-post_type menu-item-object-page menu-item-173\"><a href=\"https:\/\/assembleianet.com.br\/gf\/discipulado\/\" class=\"elementor-sub-item\">Discipulado<\/a><\/li>\n<\/ul>\n<\/li>\n<li class=\"menu-item menu-item-type-custom menu-item-object-custom menu-item-has-children menu-item-386\"><a href=\"#\" class=\"elementor-item elementor-item-anchor\">Quem Somos<\/a>\n<ul class=\"sub-menu elementor-nav-menu--dropdown\">\n\t<li class=\"menu-item menu-item-type-post_type menu-item-object-page menu-item-385\"><a href=\"https:\/\/assembleianet.com.br\/gf\/coordenacao\/\" class=\"elementor-sub-item\">Coordena\u00e7\u00e3o<\/a><\/li>\n\t<li class=\"menu-item menu-item-type-post_type menu-item-object-page menu-item-177\"><a href=\"https:\/\/assembleianet.com.br\/gf\/misao-e-visao\/\" class=\"elementor-sub-item\">Mis\u00e3o e Vis\u00e3o<\/a><\/li>\n<\/ul>\n<\/li>\n<li class=\"menu-item menu-item-type-post_type menu-item-object-page menu-item-231\"><a href=\"https:\/\/assembleianet.com.br\/gf\/contatos\/\" class=\"elementor-item\">Contatos<\/a><\/li>\n<\/ul>\t\t\t<\/nav>\r\n\t\t\t\t\t<div class=\"elementor-menu-toggle\" role=\"button\" tabindex=\"0\" aria-label=\"Menu Toggle\" aria-expanded=\"false\">\r\n\t\t\t<i aria-hidden=\"true\" role=\"presentation\" class=\"elementor-menu-toggle__icon--open eicon-menu-bar\"><\/i><i aria-hidden=\"true\" role=\"presentation\" class=\"elementor-menu-toggle__icon--close eicon-close\"><\/i>\t\t<\/div>\r\n\t\t\t\t\t<nav class=\"elementor-nav-menu--dropdown elementor-nav-menu__container\" aria-hidden=\"true\">\r\n\t\t\t\t<ul id=\"menu-2-4c367f9\" class=\"elementor-nav-menu\"><li class=\"menu-item menu-item-type-post_type menu-item-object-page menu-item-home menu-item-242\"><a href=\"https:\/\/assembleianet.com.br\/gf\/\" class=\"elementor-item\" tabindex=\"-1\">Home<\/a><\/li>\n<li class=\"menu-item menu-item-type-custom menu-item-object-custom menu-item-has-children menu-item-387\"><a href=\"#\" class=\"elementor-item elementor-item-anchor\" tabindex=\"-1\">Ministra\u00e7\u00f5es<\/a>\n<ul class=\"sub-menu elementor-nav-menu--dropdown\">\n\t<li class=\"menu-item menu-item-type-post_type menu-item-object-page menu-item-174\"><a href=\"https:\/\/assembleianet.com.br\/gf\/treinamento\/\" class=\"elementor-sub-item\" tabindex=\"-1\">Ministra\u00e7\u00f5es sobre GF<\/a><\/li>\n\t<li class=\"menu-item menu-item-type-post_type menu-item-object-page menu-item-345\"><a href=\"https:\/\/assembleianet.com.br\/gf\/festa-da-multiplicacao\/\" class=\"elementor-sub-item\" tabindex=\"-1\">Festa da Multiplica\u00e7\u00e3o<\/a><\/li>\n\t<li class=\"menu-item menu-item-type-post_type menu-item-object-page menu-item-175\"><a href=\"https:\/\/assembleianet.com.br\/gf\/depoimentos\/\" class=\"elementor-sub-item\" tabindex=\"-1\">Testemunhos<\/a><\/li>\n\t<li class=\"menu-item menu-item-type-post_type menu-item-object-page menu-item-178\"><a href=\"https:\/\/assembleianet.com.br\/gf\/missao-e-visao\/\" class=\"elementor-sub-item\" tabindex=\"-1\">Hist\u00f3ria de um L\u00edder<\/a><\/li>\n<\/ul>\n<\/li>\n<li class=\"menu-item menu-item-type-post_type menu-item-object-page menu-item-647\"><a href=\"https:\/\/assembleianet.com.br\/gf\/palavras-do-gf\/\" class=\"elementor-item\" tabindex=\"-1\">Palavras do GF<\/a><\/li>\n<li class=\"menu-item menu-item-type-post_type menu-item-object-page menu-item-176\"><a href=\"https:\/\/assembleianet.com.br\/gf\/dinamicas-de-gf\/\" class=\"elementor-item\" tabindex=\"-1\">Din\u00e2micas de GF<\/a><\/li>\n<li class=\"menu-item menu-item-type-custom menu-item-object-custom menu-item-has-children menu-item-206\"><a href=\"#\" class=\"elementor-item elementor-item-anchor\" tabindex=\"-1\">Treinamento<\/a>\n<ul class=\"sub-menu elementor-nav-menu--dropdown\">\n\t<li class=\"menu-item menu-item-type-post_type menu-item-object-page menu-item-172\"><a href=\"https:\/\/assembleianet.com.br\/gf\/ctl\/\" class=\"elementor-sub-item\" tabindex=\"-1\">CTL<\/a><\/li>\n\t<li class=\"menu-item menu-item-type-post_type menu-item-object-page menu-item-554\"><a href=\"https:\/\/assembleianet.com.br\/gf\/extras-ctl\/\" class=\"elementor-sub-item\" tabindex=\"-1\">Extras \u2013 CTL<\/a><\/li>\n\t<li class=\"menu-item menu-item-type-post_type menu-item-object-page menu-item-173\"><a href=\"https:\/\/assembleianet.com.br\/gf\/discipulado\/\" class=\"elementor-sub-item\" tabindex=\"-1\">Discipulado<\/a><\/li>\n<\/ul>\n<\/li>\n<li class=\"menu-item menu-item-type-custom menu-item-object-custom menu-item-has-children menu-item-386\"><a href=\"#\" class=\"elementor-item elementor-item-anchor\" tabindex=\"-1\">Quem Somos<\/a>\n<ul class=\"sub-menu elementor-nav-menu--dropdown\">\n\t<li class=\"menu-item menu-item-type-post_type menu-item-object-page menu-item-385\"><a href=\"https:\/\/assembleianet.com.br\/gf\/coordenacao\/\" class=\"elementor-sub-item\" tabindex=\"-1\">Coordena\u00e7\u00e3o<\/a><\/li>\n\t<li class=\"menu-item menu-item-type-post_type menu-item-object-page menu-item-177\"><a href=\"https:\/\/assembleianet.com.br\/gf\/misao-e-visao\/\" class=\"elementor-sub-item\" tabindex=\"-1\">Mis\u00e3o e Vis\u00e3o<\/a><\/li>\n<\/ul>\n<\/li>\n<li class=\"menu-item menu-item-type-post_type menu-item-object-page menu-item-231\"><a href=\"https:\/\/assembleianet.com.br\/gf\/contatos\/\" class=\"elementor-item\" tabindex=\"-1\">Contatos<\/a><\/li>\n<\/ul>\t\t\t<\/nav>\r\n\t\t\t\t\t\t<\/div>\n\t\t\t\t<\/div>\n\t\t\t\t\t<\/div>\n\t\t<\/div>\n\t\t\t\t\t<\/div>\n\t\t<\/section>\n\t\t\t\t<section class=\"elementor-section elementor-top-section elementor-element elementor-element-68b2570 elementor-section-boxed elementor-section-height-default elementor-section-height-default\" data-id=\"68b2570\" data-element_type=\"section\" data-e-type=\"section\">\n\t\t\t\t\t\t<div class=\"elementor-container elementor-column-gap-default\">\n\t\t\t\t\t<div class=\"elementor-column elementor-col-100 elementor-top-column elementor-element elementor-element-b083396\" data-id=\"b083396\" data-element_type=\"column\" data-e-type=\"column\">\n\t\t\t<div class=\"elementor-widget-wrap elementor-element-populated\">\n\t\t\t\t\t\t<div class=\"elementor-element elementor-element-f44fc8b elementor-widget elementor-widget-heading\" data-id=\"f44fc8b\" data-element_type=\"widget\" data-e-type=\"widget\" data-widget_type=\"heading.default\">\n\t\t\t\t<div class=\"elementor-widget-container\">\n\t\t\t\t\t<h2 class=\"elementor-heading-title elementor-size-xl\">CONTATO<\/h2>\t\t\t\t<\/div>\n\t\t\t\t<\/div>\n\t\t\t\t\t<\/div>\n\t\t<\/div>\n\t\t\t\t\t<\/div>\n\t\t<\/section>\n\t\t\t\t<section class=\"elementor-section elementor-top-section elementor-element elementor-element-ea2b26b elementor-section-boxed elementor-section-height-default elementor-section-height-default\" data-id=\"ea2b26b\" data-element_type=\"section\" data-e-type=\"section\">\n\t\t\t\t\t\t<div class=\"elementor-container elementor-column-gap-default\">\n\t\t\t\t\t<div class=\"elementor-column elementor-col-50 elementor-top-column elementor-element elementor-element-f2c80a8\" data-id=\"f2c80a8\" data-element_type=\"column\" data-e-type=\"column\">\n\t\t\t<div class=\"elementor-widget-wrap elementor-element-populated\">\n\t\t\t\t\t\t<div class=\"elementor-element elementor-element-c05badf elementor-widget elementor-widget-text-editor\" data-id=\"c05badf\" data-element_type=\"widget\" data-e-type=\"widget\" data-widget_type=\"text-editor.default\">\n\t\t\t\t<div class=\"elementor-widget-container\">\n\t\t\t\t\t\t\t\t\t<h4>Assembleia de Deus &#8211; Madureira<\/h4>\n<h4>Barra do Gar\u00e7as\/ MT<\/h4>\n<h4>Telefone: (66) 3401-1768<\/h4>\n<h4>Rua Pires de Campos, 675 &#8211; Centro<\/h4>\n<h4>www.assembleianet.com.br<\/h4>\n<h4>Email: grupofamiliarbg@gmail.com<\/h4>\t\t\t\t\t\t\t\t<\/div>\n\t\t\t\t<\/div>\n\t\t\t\t\t<\/div>\n\t\t<\/div>\n\t\t\t\t<div class=\"elementor-column elementor-col-50 elementor-top-column elementor-element elementor-element-f8fac03\" data-id=\"f8fac03\" data-element_type=\"column\" data-e-type=\"column\">\n\t\t\t<div class=\"elementor-widget-wrap elementor-element-populated\">\n\t\t\t\t\t\t<div class=\"elementor-element elementor-element-ffedeea elementor-widget elementor-widget-google_maps\" data-id=\"ffedeea\" data-element_type=\"widget\" data-e-type=\"widget\" data-widget_type=\"google_maps.default\">\n\t\t\t\t<div class=\"elementor-widget-container\">\n\t\t\t\t\t\t\t<div class=\"elementor-custom-embed\">\n\t\t\t<iframe loading=\"lazy\"\n\t\t\t\t\tsrc=\"https:\/\/maps.google.com\/maps?q=Igreja%20Evang%C3%A9lica%20Assembl%C3%A9ia%20de%20Deus%20R.%20Pires%20de%20Campos%2C%20675%20-%20Centro%2C%20Barra%20do%20Gar%C3%A7as%20-%20MT%2C%2078600-000&#038;t=m&#038;z=17&#038;output=embed&#038;iwloc=near\"\n\t\t\t\t\ttitle=\"Igreja Evang\u00e9lica Assembl\u00e9ia de Deus R. Pires de Campos, 675 - Centro, Barra do Gar\u00e7as - MT, 78600-000\"\n\t\t\t\t\taria-label=\"Igreja Evang\u00e9lica Assembl\u00e9ia de Deus R. Pires de Campos, 675 - Centro, Barra do Gar\u00e7as - MT, 78600-000\"\n\t\t\t><\/iframe>\n\t\t<\/div>\n\t\t\t\t\t\t<\/div>\n\t\t\t\t<\/div>\n\t\t\t\t\t<\/div>\n\t\t<\/div>\n\t\t\t\t\t<\/div>\n\t\t<\/section>\n\t\t\t\t<section class=\"elementor-section elementor-top-section elementor-element elementor-element-52116f1 elementor-section-boxed elementor-section-height-default elementor-section-height-default\" data-id=\"52116f1\" data-element_type=\"section\" data-e-type=\"section\">\n\t\t\t\t\t\t<div class=\"elementor-container elementor-column-gap-default\">\n\t\t\t\t\t<div class=\"elementor-column elementor-col-100 elementor-top-column elementor-element elementor-element-14eafab\" data-id=\"14eafab\" data-element_type=\"column\" data-e-type=\"column\">\n\t\t\t<div class=\"elementor-widget-wrap elementor-element-populated\">\n\t\t\t\t\t\t<div class=\"elementor-element elementor-element-74e14dc elementor-shape-rounded elementor-grid-0 e-grid-align-center elementor-widget elementor-widget-social-icons\" data-id=\"74e14dc\" data-element_type=\"widget\" data-e-type=\"widget\" data-widget_type=\"social-icons.default\">\n\t\t\t\t<div class=\"elementor-widget-container\">\n\t\t\t\t\t\t\t<div class=\"elementor-social-icons-wrapper elementor-grid\" role=\"list\">\n\t\t\t\t\t\t\t<span class=\"elementor-grid-item\" role=\"listitem\">\n\t\t\t\t\t<a class=\"elementor-icon elementor-social-icon elementor-social-icon-facebook elementor-repeater-item-43e5953\" href=\"https:\/\/www.facebook.com\/ADBGMT\" target=\"_blank\">\n\t\t\t\t\t\t<span class=\"elementor-screen-only\">Facebook<\/span>\n\t\t\t\t\t\t<i aria-hidden=\"true\" class=\"fab fa-facebook\"><\/i>\t\t\t\t\t<\/a>\n\t\t\t\t<\/span>\n\t\t\t\t\t\t\t<span class=\"elementor-grid-item\" role=\"listitem\">\n\t\t\t\t\t<a class=\"elementor-icon elementor-social-icon elementor-social-icon-youtube elementor-repeater-item-2361d40\" href=\"https:\/\/www.youtube.com\/@TVADBARRA\" target=\"_blank\">\n\t\t\t\t\t\t<span class=\"elementor-screen-only\">Youtube<\/span>\n\t\t\t\t\t\t<i aria-hidden=\"true\" class=\"fab fa-youtube\"><\/i>\t\t\t\t\t<\/a>\n\t\t\t\t<\/span>\n\t\t\t\t\t\t\t<span class=\"elementor-grid-item\" role=\"listitem\">\n\t\t\t\t\t<a class=\"elementor-icon elementor-social-icon elementor-social-icon-instagram elementor-repeater-item-d6bb5cd\" href=\"https:\/\/www.instagram.com\/adbarradogarcascathedral\/\" target=\"_blank\">\n\t\t\t\t\t\t<span class=\"elementor-screen-only\">Instagram<\/span>\n\t\t\t\t\t\t<i aria-hidden=\"true\" class=\"fab fa-instagram\"><\/i>\t\t\t\t\t<\/a>\n\t\t\t\t<\/span>\n\t\t\t\t\t<\/div>\n\t\t\t\t\t\t<\/div>\n\t\t\t\t<\/div>\n\t\t\t\t\t<\/div>\n\t\t<\/div>\n\t\t\t\t\t<\/div>\n\t\t<\/section>\n\t\t\t\t<section class=\"elementor-section elementor-top-section elementor-element elementor-element-4063f1b elementor-section-boxed elementor-section-height-default elementor-section-height-default\" data-id=\"4063f1b\" data-element_type=\"section\" data-e-type=\"section\">\n\t\t\t\t\t\t<div class=\"elementor-container elementor-column-gap-default\">\n\t\t\t\t\t<div class=\"elementor-column elementor-col-33 elementor-top-column elementor-element elementor-element-9685277\" data-id=\"9685277\" data-element_type=\"column\" data-e-type=\"column\">\n\t\t\t<div class=\"elementor-widget-wrap elementor-element-populated\">\n\t\t\t\t\t\t<div class=\"elementor-element elementor-element-7bfa0c0 elementor-widget elementor-widget-image\" data-id=\"7bfa0c0\" data-element_type=\"widget\" data-e-type=\"widget\" data-widget_type=\"image.default\">\n\t\t\t\t<div class=\"elementor-widget-container\">\n\t\t\t\t\t\t\t\t\t\t\t\t\t\t\t<img decoding=\"async\" width=\"287\" height=\"300\" src=\"https:\/\/assembleianet.com.br\/gf\/wp-content\/uploads\/2023\/01\/GFs-2018-Logo-Nova-1-287x300.png\" class=\"attachment-medium size-medium wp-image-66\" alt=\"\" srcset=\"https:\/\/assembleianet.com.br\/gf\/wp-content\/uploads\/2023\/01\/GFs-2018-Logo-Nova-1-287x300.png 287w, https:\/\/assembleianet.com.br\/gf\/wp-content\/uploads\/2023\/01\/GFs-2018-Logo-Nova-1-981x1024.png 981w, https:\/\/assembleianet.com.br\/gf\/wp-content\/uploads\/2023\/01\/GFs-2018-Logo-Nova-1-768x802.png 768w, https:\/\/assembleianet.com.br\/gf\/wp-content\/uploads\/2023\/01\/GFs-2018-Logo-Nova-1-1471x1536.png 1471w, https:\/\/assembleianet.com.br\/gf\/wp-content\/uploads\/2023\/01\/GFs-2018-Logo-Nova-1-1961x2048.png 1961w\" sizes=\"(max-width: 287px) 100vw, 287px\" \/>\t\t\t\t\t\t\t\t\t\t\t\t\t\t\t<\/div>\n\t\t\t\t<\/div>\n\t\t\t\t\t<\/div>\n\t\t<\/div>\n\t\t\t\t<div class=\"elementor-column elementor-col-33 elementor-top-column elementor-element elementor-element-90d67be\" data-id=\"90d67be\" data-element_type=\"column\" data-e-type=\"column\">\n\t\t\t<div class=\"elementor-widget-wrap\">\n\t\t\t\t\t\t\t<\/div>\n\t\t<\/div>\n\t\t\t\t<div class=\"elementor-column elementor-col-33 elementor-top-column elementor-element elementor-element-0f15642\" data-id=\"0f15642\" data-element_type=\"column\" data-e-type=\"column\">\n\t\t\t<div class=\"elementor-widget-wrap elementor-element-populated\">\n\t\t\t\t\t\t<div class=\"elementor-element elementor-element-e3a8401 elementor-widget elementor-widget-image\" data-id=\"e3a8401\" data-element_type=\"widget\" data-e-type=\"widget\" data-widget_type=\"image.default\">\n\t\t\t\t<div class=\"elementor-widget-container\">\n\t\t\t\t\t\t\t\t\t\t\t\t\t\t\t<img decoding=\"async\" width=\"251\" height=\"300\" src=\"https:\/\/assembleianet.com.br\/gf\/wp-content\/uploads\/2023\/01\/PR-E-PRA2-251x300.jpg\" class=\"attachment-medium size-medium wp-image-67\" alt=\"\" srcset=\"https:\/\/assembleianet.com.br\/gf\/wp-content\/uploads\/2023\/01\/PR-E-PRA2-251x300.jpg 251w, https:\/\/assembleianet.com.br\/gf\/wp-content\/uploads\/2023\/01\/PR-E-PRA2-856x1024.jpg 856w, https:\/\/assembleianet.com.br\/gf\/wp-content\/uploads\/2023\/01\/PR-E-PRA2-768x919.jpg 768w, https:\/\/assembleianet.com.br\/gf\/wp-content\/uploads\/2023\/01\/PR-E-PRA2-1283x1536.jpg 1283w, https:\/\/assembleianet.com.br\/gf\/wp-content\/uploads\/2023\/01\/PR-E-PRA2.jpg 1524w\" sizes=\"(max-width: 251px) 100vw, 251px\" \/>\t\t\t\t\t\t\t\t\t\t\t\t\t\t\t<\/div>\n\t\t\t\t<\/div>\n\t\t\t\t<div class=\"elementor-element elementor-element-22d07fd elementor-widget elementor-widget-heading\" data-id=\"22d07fd\" data-element_type=\"widget\" data-e-type=\"widget\" data-widget_type=\"heading.default\">\n\t\t\t\t<div class=\"elementor-widget-container\">\n\t\t\t\t\t<h2 class=\"elementor-heading-title elementor-size-medium\">Pr. Osmar Noronha e Pra. S\u00f4nia Elena<br>Presidente AD Barra do Gar\u00e7as-MT<\/h2>\t\t\t\t<\/div>\n\t\t\t\t<\/div>\n\t\t\t\t\t<\/div>\n\t\t<\/div>\n\t\t\t\t\t<\/div>\n\t\t<\/section>\n\t\t\t\t<section class=\"elementor-section elementor-top-section elementor-element elementor-element-7e939e1 elementor-section-full_width elementor-section-height-default elementor-section-height-default\" data-id=\"7e939e1\" data-element_type=\"section\" data-e-type=\"section\">\n\t\t\t\t\t\t<div class=\"elementor-container elementor-column-gap-no\">\n\t\t\t\t\t<div class=\"elementor-column elementor-col-100 elementor-top-column elementor-element elementor-element-f77d09f\" data-id=\"f77d09f\" data-element_type=\"column\" data-e-type=\"column\">\n\t\t\t<div class=\"elementor-widget-wrap elementor-element-populated\">\n\t\t\t\t\t\t<div class=\"elementor-element elementor-element-bb6b900 elementor-widget elementor-widget-image\" data-id=\"bb6b900\" data-element_type=\"widget\" data-e-type=\"widget\" data-widget_type=\"image.default\">\n\t\t\t\t<div class=\"elementor-widget-container\">\n\t\t\t\t\t\t\t\t\t\t\t\t\t\t\t<img loading=\"lazy\" decoding=\"async\" width=\"2048\" height=\"1536\" src=\"https:\/\/assembleianet.com.br\/gf\/wp-content\/uploads\/2023\/01\/70642071_1377070992451399_4200196501856583680_n.jpg\" class=\"attachment-2048x2048 size-2048x2048 wp-image-220\" alt=\"\" srcset=\"https:\/\/assembleianet.com.br\/gf\/wp-content\/uploads\/2023\/01\/70642071_1377070992451399_4200196501856583680_n.jpg 2048w, https:\/\/assembleianet.com.br\/gf\/wp-content\/uploads\/2023\/01\/70642071_1377070992451399_4200196501856583680_n-300x225.jpg 300w, https:\/\/assembleianet.com.br\/gf\/wp-content\/uploads\/2023\/01\/70642071_1377070992451399_4200196501856583680_n-1024x768.jpg 1024w, https:\/\/assembleianet.com.br\/gf\/wp-content\/uploads\/2023\/01\/70642071_1377070992451399_4200196501856583680_n-768x576.jpg 768w, https:\/\/assembleianet.com.br\/gf\/wp-content\/uploads\/2023\/01\/70642071_1377070992451399_4200196501856583680_n-1536x1152.jpg 1536w\" sizes=\"(max-width: 2048px) 100vw, 2048px\" \/>\t\t\t\t\t\t\t\t\t\t\t\t\t\t\t<\/div>\n\t\t\t\t<\/div>\n\t\t\t\t\t<\/div>\n\t\t<\/div>\n\t\t\t\t\t<\/div>\n\t\t<\/section>\n\t\t\t\t<section class=\"elementor-section elementor-top-section elementor-element elementor-element-da4eff6 elementor-section-full_width elementor-section-height-default elementor-section-height-default\" data-id=\"da4eff6\" data-element_type=\"section\" data-e-type=\"section\">\n\t\t\t\t\t\t<div class=\"elementor-container elementor-column-gap-no\">\n\t\t\t\t\t<div class=\"elementor-column elementor-col-100 elementor-top-column elementor-element elementor-element-34ba8aa\" data-id=\"34ba8aa\" data-element_type=\"column\" data-e-type=\"column\">\n\t\t\t<div class=\"elementor-widget-wrap elementor-element-populated\">\n\t\t\t\t\t\t<div class=\"elementor-element elementor-element-34b03b1 elementor-widget elementor-widget-image\" data-id=\"34b03b1\" data-element_type=\"widget\" data-e-type=\"widget\" data-widget_type=\"image.default\">\n\t\t\t\t<div class=\"elementor-widget-container\">\n\t\t\t\t\t\t\t\t\t\t\t\t\t\t\t\t<a href=\"https:\/\/assembleianet.com.br\/gf\/home\/\">\n\t\t\t\t\t\t\t<img loading=\"lazy\" decoding=\"async\" width=\"1701\" height=\"170\" src=\"https:\/\/assembleianet.com.br\/gf\/wp-content\/uploads\/2023\/01\/BASE-SITE-1.jpg\" class=\"attachment-2048x2048 size-2048x2048 wp-image-53\" alt=\"\" srcset=\"https:\/\/assembleianet.com.br\/gf\/wp-content\/uploads\/2023\/01\/BASE-SITE-1.jpg 1701w, https:\/\/assembleianet.com.br\/gf\/wp-content\/uploads\/2023\/01\/BASE-SITE-1-300x30.jpg 300w, https:\/\/assembleianet.com.br\/gf\/wp-content\/uploads\/2023\/01\/BASE-SITE-1-1024x102.jpg 1024w, https:\/\/assembleianet.com.br\/gf\/wp-content\/uploads\/2023\/01\/BASE-SITE-1-768x77.jpg 768w, https:\/\/assembleianet.com.br\/gf\/wp-content\/uploads\/2023\/01\/BASE-SITE-1-1536x154.jpg 1536w\" sizes=\"(max-width: 1701px) 100vw, 1701px\" \/>\t\t\t\t\t\t\t\t<\/a>\n\t\t\t\t\t\t\t\t\t\t\t\t\t\t\t<\/div>\n\t\t\t\t<\/div>\n\t\t\t\t\t<\/div>\n\t\t<\/div>\n\t\t\t\t\t<\/div>\n\t\t<\/section>\n\t\t\t\t<\/div>\n\t\t","protected":false},"excerpt":{"rendered":"<p>CONTATO Assembleia de Deus &#8211; Madureira Barra do Gar\u00e7as\/ MT Telefone: (66) 3401-1768 Rua Pires de Campos, 675 &#8211; Centro www.assembleianet.com.br Email: grupofamiliarbg@gmail.com Facebook Youtube Instagram Pr. Osmar Noronha e Pra. S\u00f4nia ElenaPresidente AD Barra do Gar\u00e7as-MT<\/p>\n","protected":false},"author":1,"featured_media":0,"parent":0,"menu_order":0,"comment_status":"closed","ping_status":"closed","template":"elementor_canvas","meta":{"footnotes":""},"class_list":["post-215","page","type-page","status-publish","hentry"],"_links":{"self":[{"href":"https:\/\/assembleianet.com.br\/gf\/wp-json\/wp\/v2\/pages\/215","targetHints":{"allow":["GET"]}}],"collection":[{"href":"https:\/\/assembleianet.com.br\/gf\/wp-json\/wp\/v2\/pages"}],"about":[{"href":"https:\/\/assembleianet.com.br\/gf\/wp-json\/wp\/v2\/types\/page"}],"author":[{"embeddable":true,"href":"https:\/\/assembleianet.com.br\/gf\/wp-json\/wp\/v2\/users\/1"}],"replies":[{"embeddable":true,"href":"https:\/\/assembleianet.com.br\/gf\/wp-json\/wp\/v2\/comments?post=215"}],"version-history":[{"count":58,"href":"https:\/\/assembleianet.com.br\/gf\/wp-json\/wp\/v2\/pages\/215\/revisions"}],"predecessor-version":[{"id":858,"href":"https:\/\/assembleianet.com.br\/gf\/wp-json\/wp\/v2\/pages\/215\/revisions\/858"}],"wp:attachment":[{"href":"https:\/\/assembleianet.com.br\/gf\/wp-json\/wp\/v2\/media?parent=215"}],"curies":[{"name":"wp","href":"https:\/\/api.w.org\/{rel}","templated":true}]}}